{"id":69,"date":"2025-08-13T10:41:24","date_gmt":"2025-08-13T08:41:24","guid":{"rendered":"https:\/\/elfeblabla.fr\/?page_id=69"},"modified":"2025-12-19T10:25:22","modified_gmt":"2025-12-19T09:25:22","slug":"accueil","status":"publish","type":"page","link":"https:\/\/elfeblabla.fr\/","title":{"rendered":"Bienvenue"},"content":{"rendered":"\n<div class=\"wp-block-group alignfull has-global-padding is-layout-constrained wp-container-core-group-is-layout-490fa1db wp-block-group-is-layout-constrained\" style=\"padding-top:var(--wp--preset--spacing--50);padding-right:var(--wp--preset--spacing--50);padding-bottom:var(--wp--preset--spacing--50);padding-left:var(--wp--preset--spacing--50)\">\n<div class=\"wp-block-cover alignwide\"><img decoding=\"async\" class=\"wp-block-cover__image-background\" alt=\"Ext\u00e9rieur du b\u00e2timent \u00e0 Toronto, Canada\" src=\"https:\/\/elfeblabla.fr\/wp-content\/themes\/twentytwentyfour\/assets\/images\/building-exterior.webp\" data-object-fit=\"cover\"\/><span aria-hidden=\"true\" class=\"wp-block-cover__background has-background-dim\"><\/span><div class=\"wp-block-cover__inner-container is-layout-flow wp-block-cover-is-layout-flow\">\n<h1 class=\"wp-block-heading has-text-align-center has-large-font-size\">Nos sites web ne sortent pas d\u2019un g\u00e9n\u00e9rateur automatique : ils sont con\u00e7us sur mesure, propres, efficaces et pens\u00e9s pour atteindre vos objectifs.<\/h1>\n<\/div><\/div>\n\n\n\n<div class=\"wp-block-group has-global-padding is-layout-constrained wp-container-core-group-is-layout-650790e1 wp-block-group-is-layout-constrained\">\n<h4 class=\"wp-block-heading has-text-align-center has-x-large-font-size\">Design soign\u00e9, code ma\u00eetris\u00e9 et performances optimis\u00e9es.<\/h4>\n\n\n\n<p class=\"has-text-align-center\"><\/p>\n\n\n\n<div style=\"height:1.25rem\" aria-hidden=\"true\" class=\"wp-block-spacer\"><\/div>\n\n\n\n<p class=\"has-text-align-center\">Pour vos sites web, nous garantissons un design ma\u00eetris\u00e9, un code propre et des performances optimales.<br>Nous assurons une compatibilit\u00e9 sur tous les supports ainsi qu\u2019un r\u00e9f\u00e9rencement pens\u00e9 d\u00e8s la conception.<br>Chaque projet est men\u00e9 avec m\u00e9thode, de l\u2019id\u00e9e initiale \u00e0 la mise en ligne, sans superflu.<\/p>\n\n\n\n<p class=\"has-text-align-center\"><\/p>\n\n\n\n<div style=\"height:1.25rem\" aria-hidden=\"true\" class=\"wp-block-spacer\"><\/div>\n\n\n\n<div class=\"wp-block-buttons is-content-justification-center is-layout-flex wp-container-core-buttons-is-layout-a89b3969 wp-block-buttons-is-layout-flex\">\n<div class=\"wp-block-button\"><a class=\"wp-block-button__link wp-element-button\" href=\"javascript:history.back()\">D\u00e9couvrez notre histoire<\/a><\/div>\n<\/div>\n<\/div>\n\n\n\n<div class=\"wp-block-uagb-buttons uagb-buttons__outer-wrap uagb-btn__default-btn uagb-btn-tablet__default-btn uagb-btn-mobile__default-btn uagb-block-2663228e\"><div class=\"uagb-buttons__wrap uagb-buttons-layout-wrap \">\n<div class=\"wp-block-uagb-buttons-child uagb-buttons__outer-wrap uagb-block-a4c9f2e5 wp-block-button\"><div class=\"uagb-button__wrapper\"><a class=\"uagb-buttons-repeater wp-block-button__link\" aria-label=\"\" href=\"#\" rel=\"follow noopener\" target=\"_self\" role=\"button\"><div class=\"uagb-button__link\">D\u00e9couvrez nos produits<\/div><\/a><\/div><\/div>\n<\/div><\/div>\n<\/div>\n","protected":false},"excerpt":{"rendered":"<p>Design soign\u00e9, code ma\u00eetris\u00e9 et performances optimis\u00e9es. Pour vos sites web, nous garantissons un design ma\u00eetris\u00e9, un code propre et des performances optimales.Nous assurons une compatibilit\u00e9 sur tous les supports ainsi qu\u2019un r\u00e9f\u00e9rencement pens\u00e9 d\u00e8s la conception.Chaque projet est men\u00e9 avec m\u00e9thode, de l\u2019id\u00e9e initiale \u00e0 la mise en ligne, sans superflu.<\/p>\n","protected":false},"author":1,"featured_media":0,"parent":0,"menu_order":0,"comment_status":"closed","ping_status":"closed","template":"","meta":{"_uag_custom_page_level_css":"","footnotes":""},"class_list":["post-69","page","type-page","status-publish","hentry"],"uagb_featured_image_src":{"full":false,"thumbnail":false,"medium":false,"medium_large":false,"large":false,"1536x1536":false,"2048x2048":false,"mailpoet_newsletter_max":false,"woocommerce_thumbnail":false,"woocommerce_single":false,"woocommerce_gallery_thumbnail":false},"uagb_author_info":{"display_name":"Elfe-admin","author_link":"https:\/\/elfeblabla.fr\/index.php\/author\/elfe-admin\/"},"uagb_comment_info":0,"uagb_excerpt":"Design soign\u00e9, code ma\u00eetris\u00e9 et performances optimis\u00e9es. Pour vos sites web, nous garantissons un design ma\u00eetris\u00e9, un code propre et des performances optimales.Nous assurons une compatibilit\u00e9 sur tous les supports ainsi qu\u2019un r\u00e9f\u00e9rencement pens\u00e9 d\u00e8s la conception.Chaque projet est men\u00e9 avec m\u00e9thode, de l\u2019id\u00e9e initiale \u00e0 la mise en ligne, sans superflu.","jetpack_sharing_enabled":true,"_links":{"self":[{"href":"https:\/\/elfeblabla.fr\/index.php\/wp-json\/wp\/v2\/pages\/69","targetHints":{"allow":["GET"]}}],"collection":[{"href":"https:\/\/elfeblabla.fr\/index.php\/wp-json\/wp\/v2\/pages"}],"about":[{"href":"https:\/\/elfeblabla.fr\/index.php\/wp-json\/wp\/v2\/types\/page"}],"author":[{"embeddable":true,"href":"https:\/\/elfeblabla.fr\/index.php\/wp-json\/wp\/v2\/users\/1"}],"replies":[{"embeddable":true,"href":"https:\/\/elfeblabla.fr\/index.php\/wp-json\/wp\/v2\/comments?post=69"}],"version-history":[{"count":8,"href":"https:\/\/elfeblabla.fr\/index.php\/wp-json\/wp\/v2\/pages\/69\/revisions"}],"predecessor-version":[{"id":163,"href":"https:\/\/elfeblabla.fr\/index.php\/wp-json\/wp\/v2\/pages\/69\/revisions\/163"}],"wp:attachment":[{"href":"https:\/\/elfeblabla.fr\/index.php\/wp-json\/wp\/v2\/media?parent=69"}],"curies":[{"name":"wp","href":"https:\/\/api.w.org\/{rel}","templated":true}]}}